{"id":217,"date":"2025-12-20T14:16:43","date_gmt":"2025-12-20T13:16:43","guid":{"rendered":"https:\/\/dagtekin.de\/?page_id=217"},"modified":"2025-12-23T18:50:41","modified_gmt":"2025-12-23T17:50:41","slug":"impressum","status":"publish","type":"page","link":"https:\/\/dagtekin.de\/en\/impressum\/","title":{"rendered":"Impressum"},"content":{"rendered":"<div data-elementor-type=\"wp-page\" data-elementor-id=\"217\" class=\"elementor elementor-217\" data-elementor-post-type=\"page\">\n\t\t\t\t<div class=\"elementor-element elementor-element-538e2a3 e-flex e-con-boxed e-con e-parent\" data-id=\"538e2a3\" data-element_type=\"container\">\n\t\t\t\t\t<div class=\"e-con-inner\">\n\t\t\t\t<div class=\"elementor-element elementor-element-52c6f47 elementor-widget elementor-widget-heading\" data-id=\"52c6f47\" data-element_type=\"widget\" data-widget_type=\"heading.default\">\n\t\t\t\t<div class=\"elementor-widget-container\">\n\t\t\t\t\t<h2 class=\"elementor-heading-title elementor-size-default\">Impressum<\/h2>\t\t\t\t<\/div>\n\t\t\t\t<\/div>\n\t\t\t\t<div class=\"elementor-element elementor-element-48c4d0e elementor-widget elementor-widget-text-editor\" data-id=\"48c4d0e\" data-element_type=\"widget\" data-widget_type=\"text-editor.default\">\n\t\t\t\t<div class=\"elementor-widget-container\">\n\t\t\t\t\t\t\t\t\t<p class=\"p1\">Impressum<\/p><p class=\"p2\">Ugur Dagtekin<\/p><p class=\"p2\">Strategie Beratung f\u00fcr Cyber-Sicherheit &amp; digitale Transformation mit KI<\/p><p class=\"p2\">Amsterdamer Str. 230<\/p><p class=\"p2\">50735 K\u00f6ln<\/p><p class=\"p3\">Kontakt<\/p><p class=\"p2\">Telefon: +49 173 975 30 95<\/p><p class=\"p2\">E-Mail: info@dagtekin.de<\/p><p class=\"p3\">Berufsbezeichnung und berufsrechtliche Regelungen<\/p><p class=\"p2\">Berufsbezeichnung:<\/p><p class=\"p2\">Dipl. Kaufmann<\/p><p class=\"p3\">Verbraucherstreitbeilegung\/Universalschlichtungsstelle<\/p><p class=\"p2\">Wir nehmen an einem Streitbeilegungsverfahren vor einer Verbraucherschlichtungsstelle teil. Zust\u00e4ndig ist<\/p><p class=\"p2\">die Universalschlichtungsstelle des Zentrums f\u00fcr Schlichtung e.V., Stra\u00dfburger Stra\u00dfe 8, 77694 Kehl am<\/p><p class=\"p2\">Rhein (<\/p><p class=\"p4\">https:\/\/www.verbraucher-schlichter.de<span class=\"s1\">).<\/span><\/p><p class=\"p2\">Quelle:<\/p><p class=\"p4\">https:\/\/www.e-recht24.de<\/p>\t\t\t\t\t\t\t\t<\/div>\n\t\t\t\t<\/div>\n\t\t\t\t\t<\/div>\n\t\t\t\t<\/div>\n\t\t\t\t<\/div>","protected":false},"excerpt":{"rendered":"<p>Impressum Impressum Ugur Dagtekin Strategie Beratung f\u00fcr Cyber-Sicherheit &amp; digitale Transformation mit KI Amsterdamer Str. 230 50735 K\u00f6ln Kontakt Telefon: +49 173 975 30 95 E-Mail: info@dagtekin.de Berufsbezeichnung und berufsrechtliche Regelungen Berufsbezeichnung: Dipl. Kaufmann Verbraucherstreitbeilegung\/Universalschlichtungsstelle Wir nehmen an einem Streitbeilegungsverfahren vor einer Verbraucherschlichtungsstelle teil. Zust\u00e4ndig ist die Universalschlichtungsstelle des Zentrums f\u00fcr Schlichtung e.V., Stra\u00dfburger Stra\u00dfe [&hellip;]<\/p>","protected":false},"author":1,"featured_media":0,"parent":0,"menu_order":0,"comment_status":"closed","ping_status":"closed","template":"","meta":{"footnotes":""},"class_list":["post-217","page","type-page","status-publish","hentry"],"_links":{"self":[{"href":"https:\/\/dagtekin.de\/en\/wp-json\/wp\/v2\/pages\/217","targetHints":{"allow":["GET"]}}],"collection":[{"href":"https:\/\/dagtekin.de\/en\/wp-json\/wp\/v2\/pages"}],"about":[{"href":"https:\/\/dagtekin.de\/en\/wp-json\/wp\/v2\/types\/page"}],"author":[{"embeddable":true,"href":"https:\/\/dagtekin.de\/en\/wp-json\/wp\/v2\/users\/1"}],"replies":[{"embeddable":true,"href":"https:\/\/dagtekin.de\/en\/wp-json\/wp\/v2\/comments?post=217"}],"version-history":[{"count":4,"href":"https:\/\/dagtekin.de\/en\/wp-json\/wp\/v2\/pages\/217\/revisions"}],"predecessor-version":[{"id":223,"href":"https:\/\/dagtekin.de\/en\/wp-json\/wp\/v2\/pages\/217\/revisions\/223"}],"wp:attachment":[{"href":"https:\/\/dagtekin.de\/en\/wp-json\/wp\/v2\/media?parent=217"}],"curies":[{"name":"wp","href":"https:\/\/api.w.org\/{rel}","templated":true}]}}